{"id":762,"date":"2024-05-21T10:45:23","date_gmt":"2024-05-21T10:45:23","guid":{"rendered":"https:\/\/madimport.eu\/contact\/"},"modified":"2024-08-23T09:44:52","modified_gmt":"2024-08-23T09:44:52","slug":"contact","status":"publish","type":"page","link":"https:\/\/madimport.eu\/en\/contact\/","title":{"rendered":"Contact"},"content":{"rendered":"\t\t<div data-elementor-type=\"wp-page\" data-elementor-id=\"762\" class=\"elementor elementor-762 elementor-52\" data-elementor-post-type=\"page\">\n\t\t\t\t<div class=\"elementor-element elementor-element-f18713e e-con-full e-flex e-con e-parent\" data-id=\"f18713e\" data-element_type=\"container\">\n\t\t<div class=\"elementor-element elementor-element-6f10d10 e-con-full e-flex e-con e-child\" data-id=\"6f10d10\" data-element_type=\"container\">\n\t\t<div class=\"elementor-element elementor-element-76d7920 e-flex e-con-boxed e-con e-child\" data-id=\"76d7920\" data-element_type=\"container\">\n\t\t\t\t\t<div class=\"e-con-inner\">\n\t\t<div class=\"elementor-element elementor-element-89c6cf2 e-con-full e-flex e-con e-child\" data-id=\"89c6cf2\" data-element_type=\"container\">\n\t\t\t\t<div class=\"elementor-element elementor-element-5718755 elementor-align-center elementor-widget elementor-widget-breadcrumbs\" data-id=\"5718755\" data-element_type=\"widget\" data-widget_type=\"breadcrumbs.default\">\n\t\t\t\t<div class=\"elementor-widget-container\">\n\t\t\t\t\t<p id=\"breadcrumbs\"><span><span><a href=\"https:\/\/madimport.eu\/en\/\">Portada<\/a><\/span><\/span><\/p>\t\t\t\t<\/div>\n\t\t\t\t<\/div>\n\t\t\t\t<div class=\"elementor-element elementor-element-d9a5ce0 elementor-invisible elementor-widget elementor-widget-heading\" data-id=\"d9a5ce0\" data-element_type=\"widget\" data-settings=\"{&quot;_animation&quot;:&quot;fadeIn&quot;}\" data-widget_type=\"heading.default\">\n\t\t\t\t<div class=\"elementor-widget-container\">\n\t\t\t\t\t<h1 class=\"elementor-heading-title elementor-size-default\">Contact<\/h1>\t\t\t\t<\/div>\n\t\t\t\t<\/div>\n\t\t\t\t<div class=\"elementor-element elementor-element-d1eac4b elementor-invisible elementor-widget elementor-widget-heading\" data-id=\"d1eac4b\" data-element_type=\"widget\" data-settings=\"{&quot;_animation&quot;:&quot;fadeIn&quot;,&quot;_animation_delay&quot;:400}\" data-widget_type=\"heading.default\">\n\t\t\t\t<div class=\"elementor-widget-container\">\n\t\t\t\t\t<h2 class=\"elementor-heading-title elementor-size-default\">Find out how we can help you<\/h2>\t\t\t\t<\/div>\n\t\t\t\t<\/div>\n\t\t\t\t<\/div>\n\t\t<div class=\"elementor-element elementor-element-a0889d5 e-con-full e-flex e-con e-child\" data-id=\"a0889d5\" data-element_type=\"container\" data-settings=\"{&quot;background_background&quot;:&quot;classic&quot;}\">\n\t\t\t\t<\/div>\n\t\t\t\t\t<\/div>\n\t\t\t\t<\/div>\n\t\t\t\t<\/div>\n\t\t\t\t<\/div>\n\t\t<div class=\"elementor-element elementor-element-5abbdaa e-flex e-con-boxed e-con e-parent\" data-id=\"5abbdaa\" data-element_type=\"container\">\n\t\t\t\t\t<div class=\"e-con-inner\">\n\t\t<div class=\"elementor-element elementor-element-4e87633 e-con-full e-flex e-con e-child\" data-id=\"4e87633\" data-element_type=\"container\">\n\t\t\t\t<div class=\"elementor-element elementor-element-ce8050b elementor-widget elementor-widget-image\" data-id=\"ce8050b\" data-element_type=\"widget\" data-widget_type=\"image.default\">\n\t\t\t\t<div class=\"elementor-widget-container\">\n\t\t\t\t\t\t\t\t\t\t\t\t\t\t\t<img decoding=\"async\" src=\"https:\/\/madimport.eu\/wp-content\/uploads\/2024\/06\/cropped-madimport_distribucion-tornilleria-articulos-fijacion_productos_gestion-importaciones-almacenes_madrid-espana_logo-1.png\" title=\"cropped-madimport_distribucion-tornilleria-articulos-fijacion_productos_gestion-importaciones-almacenes_madrid-espana_logo-1.png\" alt=\"cropped-madimport_distribucion-tornilleria-articulos-fijacion_productos_gestion-importaciones-almacenes_madrid-espana_logo-1.png\" loading=\"lazy\" \/>\t\t\t\t\t\t\t\t\t\t\t\t\t\t\t<\/div>\n\t\t\t\t<\/div>\n\t\t\t\t<\/div>\n\t\t<div class=\"elementor-element elementor-element-980d46f e-con-full e-flex e-con e-child\" data-id=\"980d46f\" data-element_type=\"container\">\n\t\t\t\t<div class=\"elementor-element elementor-element-139b7e9 elementor-icon-list--layout-traditional elementor-list-item-link-full_width elementor-widget elementor-widget-icon-list\" data-id=\"139b7e9\" data-element_type=\"widget\" data-widget_type=\"icon-list.default\">\n\t\t\t\t<div class=\"elementor-widget-container\">\n\t\t\t\t\t\t\t<ul class=\"elementor-icon-list-items\">\n\t\t\t\t\t\t\t<li class=\"elementor-icon-list-item\">\n\t\t\t\t\t\t\t\t\t\t\t<a href=\"https:\/\/www.google.com\/maps\/place\/\/data=!4m2!3m1!1s0xd42251f85835d77:0xb77aabf427f656f6?sa=X=1t:8290=111\">\n\n\t\t\t\t\t\t\t\t\t\t\t\t<span class=\"elementor-icon-list-icon\">\n\t\t\t\t\t\t\t<svg aria-hidden=\"true\" class=\"e-font-icon-svg e-fas-search-location\" viewBox=\"0 0 512 512\" xmlns=\"http:\/\/www.w3.org\/2000\/svg\"><path d=\"M505.04 442.66l-99.71-99.69c-4.5-4.5-10.6-7-17-7h-16.3c27.6-35.3 44-79.69 44-127.99C416.03 93.09 322.92 0 208.02 0S0 93.09 0 207.98s93.11 207.98 208.02 207.98c48.3 0 92.71-16.4 128.01-44v16.3c0 6.4 2.5 12.5 7 17l99.71 99.69c9.4 9.4 24.6 9.4 33.9 0l28.3-28.3c9.4-9.4 9.4-24.59.1-33.99zm-297.02-90.7c-79.54 0-144-64.34-144-143.98 0-79.53 64.35-143.98 144-143.98 79.54 0 144 64.34 144 143.98 0 79.53-64.35 143.98-144 143.98zm.02-239.96c-40.78 0-73.84 33.05-73.84 73.83 0 32.96 48.26 93.05 66.75 114.86a9.24 9.24 0 0 0 14.18 0c18.49-21.81 66.75-81.89 66.75-114.86 0-40.78-33.06-73.83-73.84-73.83zm0 96c-13.26 0-24-10.75-24-24 0-13.26 10.75-24 24-24s24 10.74 24 24c0 13.25-10.75 24-24 24z\"><\/path><\/svg>\t\t\t\t\t\t<\/span>\n\t\t\t\t\t\t\t\t\t\t<span class=\"elementor-icon-list-text\">Calle de Luis I, 60, Vallecas, 28031 Madrid<\/span>\n\t\t\t\t\t\t\t\t\t\t\t<\/a>\n\t\t\t\t\t\t\t\t\t<\/li>\n\t\t\t\t\t\t\t\t<li class=\"elementor-icon-list-item\">\n\t\t\t\t\t\t\t\t\t\t\t<a href=\"mailto:coordinacion@madimport.es\">\n\n\t\t\t\t\t\t\t\t\t\t\t\t<span class=\"elementor-icon-list-icon\">\n\t\t\t\t\t\t\t<svg aria-hidden=\"true\" class=\"e-font-icon-svg e-far-envelope\" viewBox=\"0 0 512 512\" xmlns=\"http:\/\/www.w3.org\/2000\/svg\"><path d=\"M464 64H48C21.49 64 0 85.49 0 112v288c0 26.51 21.49 48 48 48h416c26.51 0 48-21.49 48-48V112c0-26.51-21.49-48-48-48zm0 48v40.805c-22.422 18.259-58.168 46.651-134.587 106.49-16.841 13.247-50.201 45.072-73.413 44.701-23.208.375-56.579-31.459-73.413-44.701C106.18 199.465 70.425 171.067 48 152.805V112h416zM48 400V214.398c22.914 18.251 55.409 43.862 104.938 82.646 21.857 17.205 60.134 55.186 103.062 54.955 42.717.231 80.509-37.199 103.053-54.947 49.528-38.783 82.032-64.401 104.947-82.653V400H48z\"><\/path><\/svg>\t\t\t\t\t\t<\/span>\n\t\t\t\t\t\t\t\t\t\t<span class=\"elementor-icon-list-text\">coordinacion@madimport.es<\/span>\n\t\t\t\t\t\t\t\t\t\t\t<\/a>\n\t\t\t\t\t\t\t\t\t<\/li>\n\t\t\t\t\t\t\t\t<li class=\"elementor-icon-list-item\">\n\t\t\t\t\t\t\t\t\t\t\t<a href=\"https:\/\/api.whatsapp.com\/send?phone=673435368\">\n\n\t\t\t\t\t\t\t\t\t\t\t\t<span class=\"elementor-icon-list-icon\">\n\t\t\t\t\t\t\t<svg aria-hidden=\"true\" class=\"e-font-icon-svg e-far-comment\" viewBox=\"0 0 512 512\" xmlns=\"http:\/\/www.w3.org\/2000\/svg\"><path d=\"M256 32C114.6 32 0 125.1 0 240c0 47.6 19.9 91.2 52.9 126.3C38 405.7 7 439.1 6.5 439.5c-6.6 7-8.4 17.2-4.6 26S14.4 480 24 480c61.5 0 110-25.7 139.1-46.3C192 442.8 223.2 448 256 448c141.4 0 256-93.1 256-208S397.4 32 256 32zm0 368c-26.7 0-53.1-4.1-78.4-12.1l-22.7-7.2-19.5 13.8c-14.3 10.1-33.9 21.4-57.5 29 7.3-12.1 14.4-25.7 19.9-40.2l10.6-28.1-20.6-21.8C69.7 314.1 48 282.2 48 240c0-88.2 93.3-160 208-160s208 71.8 208 160-93.3 160-208 160z\"><\/path><\/svg>\t\t\t\t\t\t<\/span>\n\t\t\t\t\t\t\t\t\t\t<span class=\"elementor-icon-list-text\">673435368<\/span>\n\t\t\t\t\t\t\t\t\t\t\t<\/a>\n\t\t\t\t\t\t\t\t\t<\/li>\n\t\t\t\t\t\t\t\t<li class=\"elementor-icon-list-item\">\n\t\t\t\t\t\t\t\t\t\t\t<a href=\"tel:917775965\">\n\n\t\t\t\t\t\t\t\t\t\t\t\t<span class=\"elementor-icon-list-icon\">\n\t\t\t\t\t\t\t<svg aria-hidden=\"true\" class=\"e-font-icon-svg e-fas-phone\" viewBox=\"0 0 512 512\" xmlns=\"http:\/\/www.w3.org\/2000\/svg\"><path d=\"M493.4 24.6l-104-24c-11.3-2.6-22.9 3.3-27.5 13.9l-48 112c-4.2 9.8-1.4 21.3 6.9 28l60.6 49.6c-36 76.7-98.9 140.5-177.2 177.2l-49.6-60.6c-6.8-8.3-18.2-11.1-28-6.9l-112 48C3.9 366.5-2 378.1.6 389.4l24 104C27.1 504.2 36.7 512 48 512c256.1 0 464-207.5 464-464 0-11.2-7.7-20.9-18.6-23.4z\"><\/path><\/svg>\t\t\t\t\t\t<\/span>\n\t\t\t\t\t\t\t\t\t\t<span class=\"elementor-icon-list-text\">917775965<\/span>\n\t\t\t\t\t\t\t\t\t\t\t<\/a>\n\t\t\t\t\t\t\t\t\t<\/li>\n\t\t\t\t\t\t<\/ul>\n\t\t\t\t\t\t<\/div>\n\t\t\t\t<\/div>\n\t\t\t\t<\/div>\n\t\t\t\t\t<\/div>\n\t\t\t\t<\/div>\n\t\t<div class=\"elementor-element elementor-element-2c2f26a e-flex e-con-boxed e-con e-parent\" data-id=\"2c2f26a\" data-element_type=\"container\">\n\t\t\t\t\t<div class=\"e-con-inner\">\n\t\t<div class=\"elementor-element elementor-element-0880a95 e-con-full e-flex e-con e-child\" data-id=\"0880a95\" data-element_type=\"container\" data-settings=\"{&quot;background_background&quot;:&quot;classic&quot;}\">\n\t\t\t\t<div class=\"elementor-element elementor-element-2c4d935 elementor-blockquote--skin-quotation elementor-blockquote--align-center elementor-blockquote--button-color-official elementor-widget elementor-widget-blockquote\" data-id=\"2c4d935\" data-element_type=\"widget\" data-widget_type=\"blockquote.default\">\n\t\t\t\t<div class=\"elementor-widget-container\">\n\t\t\t\t\t\t\t<blockquote class=\"elementor-blockquote\">\n\t\t\t<p class=\"elementor-blockquote__content\">\n\t\t\t\tTo improve distribution in the southern area, we have facilities in Ca\u00f1amero, province of C\u00e1ceres.\t\t\t<\/p>\n\t\t\t\t\t\t\t<div class=\"e-q-footer\">\n\t\t\t\t\t\t\t\t\t\t\t<cite class=\"elementor-blockquote__author\">Madimport<\/cite>\n\t\t\t\t\t\t\t\t\t\t\t\t\t\t<\/div>\n\t\t\t\t\t<\/blockquote>\n\t\t\t\t\t\t<\/div>\n\t\t\t\t<\/div>\n\t\t\t\t<\/div>\n\t\t\t\t\t<\/div>\n\t\t\t\t<\/div>\n\t\t<div class=\"elementor-element elementor-element-5a60336 e-flex e-con-boxed e-con e-parent\" data-id=\"5a60336\" data-element_type=\"container\">\n\t\t\t\t\t<div class=\"e-con-inner\">\n\t\t<div class=\"elementor-element elementor-element-0e07310 e-flex e-con-boxed e-con e-child\" data-id=\"0e07310\" data-element_type=\"container\">\n\t\t\t\t\t<div class=\"e-con-inner\">\n\t\t<div class=\"elementor-element elementor-element-b1ebf7d e-con-full e-flex e-con e-child\" data-id=\"b1ebf7d\" data-element_type=\"container\">\n\t\t\t\t<div class=\"elementor-element elementor-element-843ac8c elementor-widget elementor-widget-heading\" data-id=\"843ac8c\" data-element_type=\"widget\" data-widget_type=\"heading.default\">\n\t\t\t\t<div class=\"elementor-widget-container\">\n\t\t\t\t\t<h2 class=\"elementor-heading-title elementor-size-default\">Contact Form<\/h2>\t\t\t\t<\/div>\n\t\t\t\t<\/div>\n\t\t\t\t<div class=\"elementor-element elementor-element-ec102db elementor-widget elementor-widget-text-editor\" data-id=\"ec102db\" data-element_type=\"widget\" data-widget_type=\"text-editor.default\">\n\t\t\t\t<div class=\"elementor-widget-container\">\n\t\t\t\t\t\t\t\t\t<p><span style=\"font-weight: 400;\">Please fill out the form below so that we can contact you with your request or comment. <\/span><span style=\"font-weight: 400;\">If you prefer you can also write us an email directly to our email address <\/span><strong>coordinacion@madimport.es<\/strong><\/p>\n\t\t\t\t\t\t\t\t<\/div>\n\t\t\t\t<\/div>\n\t\t\t\t<div class=\"elementor-element elementor-element-fcb3ed7 elementor-button-align-stretch elementor-widget elementor-widget-form\" data-id=\"fcb3ed7\" data-element_type=\"widget\" data-settings=\"{&quot;step_next_label&quot;:&quot;Next&quot;,&quot;step_previous_label&quot;:&quot;Previous&quot;,&quot;button_width&quot;:&quot;100&quot;,&quot;step_type&quot;:&quot;number_text&quot;,&quot;step_icon_shape&quot;:&quot;circle&quot;}\" data-widget_type=\"form.default\">\n\t\t\t\t<div class=\"elementor-widget-container\">\n\t\t\t\t\t\t\t<form class=\"elementor-form\" method=\"post\" name=\"Contact Form\">\n\t\t\t<input type=\"hidden\" name=\"post_id\" value=\"762\"\/>\n\t\t\t<input type=\"hidden\" name=\"form_id\" value=\"fcb3ed7\"\/>\n\t\t\t<input type=\"hidden\" name=\"referer_title\" value=\"Madimport\" \/>\n\n\t\t\t\n\t\t\t<div class=\"elementor-form-fields-wrapper elementor-labels-above\">\n\t\t\t\t\t\t\t\t<div class=\"elementor-field-type-text elementor-field-group elementor-column elementor-field-group-name elementor-col-50 elementor-field-required elementor-mark-required\">\n\t\t\t\t\t\t\t\t\t\t\t\t<label for=\"form-field-name\" class=\"elementor-field-label\">\n\t\t\t\t\t\t\t\tName\t\t\t\t\t\t\t<\/label>\n\t\t\t\t\t\t\t\t\t\t\t\t\t\t<input size=\"1\" type=\"text\" name=\"form_fields[name]\" id=\"form-field-name\" class=\"elementor-field elementor-size-sm  elementor-field-textual\" placeholder=\"Name\" required=\"required\">\n\t\t\t\t\t\t\t\t\t\t\t<\/div>\n\t\t\t\t\t\t\t\t<div class=\"elementor-field-type-text elementor-field-group elementor-column elementor-field-group-field_349ee7c elementor-col-50 elementor-field-required elementor-mark-required\">\n\t\t\t\t\t\t\t\t\t\t\t\t<label for=\"form-field-field_349ee7c\" class=\"elementor-field-label\">\n\t\t\t\t\t\t\t\tSurname\t\t\t\t\t\t\t<\/label>\n\t\t\t\t\t\t\t\t\t\t\t\t\t\t<input size=\"1\" type=\"text\" name=\"form_fields[field_349ee7c]\" id=\"form-field-field_349ee7c\" class=\"elementor-field elementor-size-sm  elementor-field-textual\" placeholder=\"Surname\" required=\"required\">\n\t\t\t\t\t\t\t\t\t\t\t<\/div>\n\t\t\t\t\t\t\t\t<div class=\"elementor-field-type-email elementor-field-group elementor-column elementor-field-group-email elementor-col-100 elementor-field-required elementor-mark-required\">\n\t\t\t\t\t\t\t\t\t\t\t\t<label for=\"form-field-email\" class=\"elementor-field-label\">\n\t\t\t\t\t\t\t\tE-mail address\t\t\t\t\t\t\t<\/label>\n\t\t\t\t\t\t\t\t\t\t\t\t\t\t<input size=\"1\" type=\"email\" name=\"form_fields[email]\" id=\"form-field-email\" class=\"elementor-field elementor-size-sm  elementor-field-textual\" placeholder=\"E-mail address\" required=\"required\">\n\t\t\t\t\t\t\t\t\t\t\t<\/div>\n\t\t\t\t\t\t\t\t<div class=\"elementor-field-type-textarea elementor-field-group elementor-column elementor-field-group-message elementor-col-100\">\n\t\t\t\t\t\t\t\t\t\t\t\t<label for=\"form-field-message\" class=\"elementor-field-label\">\n\t\t\t\t\t\t\t\tMessage\t\t\t\t\t\t\t<\/label>\n\t\t\t\t\t\t<textarea class=\"elementor-field-textual elementor-field  elementor-size-sm\" name=\"form_fields[message]\" id=\"form-field-message\" rows=\"4\" placeholder=\"Message\"><\/textarea>\t\t\t\t<\/div>\n\t\t\t\t\t\t\t\t<div class=\"elementor-field-type-acceptance elementor-field-group elementor-column elementor-field-group-field_8690f7e elementor-col-100 elementor-field-required elementor-mark-required\">\n\t\t\t\t\t\t\t<div class=\"elementor-field-subgroup\">\n\t\t\t<span class=\"elementor-field-option\">\n\t\t\t\t<input type=\"checkbox\" name=\"form_fields[field_8690f7e]\" id=\"form-field-field_8690f7e\" class=\"elementor-field elementor-size-sm  elementor-acceptance-field\" required=\"required\">\n\t\t\t\t<label for=\"form-field-field_8690f7e\">I accept the <a style=\"color:black;\" href=\"https:\/\/madimport.eu\/en\/privacy-and-cookies-policy-eu\/\">Privacy<\/a><span style=\"color:red;\"> Policy*<\/span> <a style=\"color:black;\" href=\"https:\/\/madimport.eu\/en\/privacy-and-cookies-policy-eu\/\">.<\/a>\n<\/label>\t\t\t<\/span>\n\t\t<\/div>\n\t\t\t\t\t\t<\/div>\n\t\t\t\t\t\t\t\t<div class=\"elementor-field-group elementor-column elementor-field-type-submit elementor-col-100 e-form__buttons\">\n\t\t\t\t\t<button class=\"elementor-button elementor-size-sm\" type=\"submit\">\n\t\t\t\t\t\t<span class=\"elementor-button-content-wrapper\">\n\t\t\t\t\t\t\t\t\t\t\t\t\t\t\t\t\t\t\t\t\t\t<span class=\"elementor-button-text\">Send to<\/span>\n\t\t\t\t\t\t\t\t\t\t\t\t\t<\/span>\n\t\t\t\t\t<\/button>\n\t\t\t\t<\/div>\n\t\t\t<\/div>\n\t\t<\/form>\n\t\t\t\t\t\t<\/div>\n\t\t\t\t<\/div>\n\t\t\t\t<\/div>\n\t\t\t\t\t<\/div>\n\t\t\t\t<\/div>\n\t\t\t\t\t<\/div>\n\t\t\t\t<\/div>\n\t\t<div class=\"elementor-element elementor-element-d7dbce3 e-con-full e-flex e-con e-parent\" data-id=\"d7dbce3\" data-element_type=\"container\">\n\t\t\t\t<div class=\"elementor-element elementor-element-f43affd elementor-widget elementor-widget-google_maps\" data-id=\"f43affd\" data-element_type=\"widget\" data-widget_type=\"google_maps.default\">\n\t\t\t\t<div class=\"elementor-widget-container\">\n\t\t\t\t\t\t\t<div class=\"elementor-custom-embed\">\n\t\t\t<iframe loading=\"lazy\"\n\t\t\t\t\tsrc=\"https:\/\/maps.google.com\/maps?q=madimport&#038;t=m&#038;z=12&#038;output=embed&#038;iwloc=near\"\n\t\t\t\t\ttitle=\"madimport\"\n\t\t\t\t\taria-label=\"madimport\"\n\t\t\t><\/iframe>\n\t\t<\/div>\n\t\t\t\t\t\t<\/div>\n\t\t\t\t<\/div>\n\t\t\t\t<\/div>\n\t\t\t\t<\/div>\n\t\t","protected":false},"excerpt":{"rendered":"<p>Contact Find out how we can help you Calle de Luis I, 60, Vallecas, 28031 Madrid coordinacion@madimport.es 673435368 917775965 To improve distribution in the southern area, we have facilities in Ca\u00f1amero, province of C\u00e1ceres. Madimport Contact Form Please fill out the form below so that we can contact you with your request or comment. If [&hellip;]<\/p>\n","protected":false},"author":1,"featured_media":0,"parent":0,"menu_order":0,"comment_status":"closed","ping_status":"closed","template":"elementor_header_footer","meta":{"footnotes":""},"class_list":["post-762","page","type-page","status-publish","hentry"],"yoast_head":"<!-- This site is optimized with the Yoast SEO plugin v26.7 - https:\/\/yoast.com\/wordpress\/plugins\/seo\/ -->\n<title>Contact - Madimport<\/title>\n<meta name=\"description\" content=\"Madimport since 1974. Find out how we can help you, contact us through our web form or by phone and email.\" \/>\n<meta name=\"robots\" content=\"index, follow, max-snippet:-1, max-image-preview:large, max-video-preview:-1\" \/>\n<link rel=\"canonical\" href=\"https:\/\/madimport.eu\/en\/contact\/\" \/>\n<meta property=\"og:locale\" content=\"en_US\" \/>\n<meta property=\"og:type\" content=\"article\" \/>\n<meta property=\"og:title\" content=\"Contact - Madimport\" \/>\n<meta property=\"og:description\" content=\"Madimport since 1974. Find out how we can help you, contact us through our web form or by phone and email.\" \/>\n<meta property=\"og:url\" content=\"https:\/\/madimport.eu\/en\/contact\/\" \/>\n<meta property=\"og:site_name\" content=\"Madimport\" \/>\n<meta property=\"article:modified_time\" content=\"2024-08-23T09:44:52+00:00\" \/>\n<meta property=\"og:image\" content=\"https:\/\/madimport.eu\/wp-content\/uploads\/2024\/06\/cropped-madimport_distribucion-tornilleria-articulos-fijacion_productos_gestion-importaciones-almacenes_madrid-espana_logo-1.png\" \/>\n<meta name=\"twitter:card\" content=\"summary_large_image\" \/>\n<script type=\"application\/ld+json\" class=\"yoast-schema-graph\">{\"@context\":\"https:\/\/schema.org\",\"@graph\":[{\"@type\":\"WebPage\",\"@id\":\"https:\/\/madimport.eu\/en\/contact\/\",\"url\":\"https:\/\/madimport.eu\/en\/contact\/\",\"name\":\"Contact - Madimport\",\"isPartOf\":{\"@id\":\"https:\/\/madimport.eu\/en\/#website\"},\"primaryImageOfPage\":{\"@id\":\"https:\/\/madimport.eu\/en\/contact\/#primaryimage\"},\"image\":{\"@id\":\"https:\/\/madimport.eu\/en\/contact\/#primaryimage\"},\"thumbnailUrl\":\"https:\/\/madimport.eu\/wp-content\/uploads\/2024\/06\/cropped-madimport_distribucion-tornilleria-articulos-fijacion_productos_gestion-importaciones-almacenes_madrid-espana_logo-1.png\",\"datePublished\":\"2024-05-21T10:45:23+00:00\",\"dateModified\":\"2024-08-23T09:44:52+00:00\",\"description\":\"Madimport since 1974. Find out how we can help you, contact us through our web form or by phone and email.\",\"breadcrumb\":{\"@id\":\"https:\/\/madimport.eu\/en\/contact\/#breadcrumb\"},\"inLanguage\":\"en-US\",\"potentialAction\":[{\"@type\":\"ReadAction\",\"target\":[\"https:\/\/madimport.eu\/en\/contact\/\"]}]},{\"@type\":\"ImageObject\",\"inLanguage\":\"en-US\",\"@id\":\"https:\/\/madimport.eu\/en\/contact\/#primaryimage\",\"url\":\"https:\/\/madimport.eu\/wp-content\/uploads\/2024\/06\/cropped-madimport_distribucion-tornilleria-articulos-fijacion_productos_gestion-importaciones-almacenes_madrid-espana_logo-1.png\",\"contentUrl\":\"https:\/\/madimport.eu\/wp-content\/uploads\/2024\/06\/cropped-madimport_distribucion-tornilleria-articulos-fijacion_productos_gestion-importaciones-almacenes_madrid-espana_logo-1.png\"},{\"@type\":\"BreadcrumbList\",\"@id\":\"https:\/\/madimport.eu\/en\/contact\/#breadcrumb\",\"itemListElement\":[{\"@type\":\"ListItem\",\"position\":1,\"name\":\"Portada\",\"item\":\"https:\/\/madimport.eu\/en\/\"},{\"@type\":\"ListItem\",\"position\":2,\"name\":\"Contact\"}]},{\"@type\":\"WebSite\",\"@id\":\"https:\/\/madimport.eu\/en\/#website\",\"url\":\"https:\/\/madimport.eu\/en\/\",\"name\":\"Madimport\",\"description\":\"Distribuci\u00f3n de torniller\u00eda y art\u00edculos de fijaci\u00f3n\",\"publisher\":{\"@id\":\"https:\/\/madimport.eu\/en\/#organization\"},\"potentialAction\":[{\"@type\":\"SearchAction\",\"target\":{\"@type\":\"EntryPoint\",\"urlTemplate\":\"https:\/\/madimport.eu\/en\/?s={search_term_string}\"},\"query-input\":{\"@type\":\"PropertyValueSpecification\",\"valueRequired\":true,\"valueName\":\"search_term_string\"}}],\"inLanguage\":\"en-US\"},{\"@type\":\"Organization\",\"@id\":\"https:\/\/madimport.eu\/en\/#organization\",\"name\":\"Madimport\",\"url\":\"https:\/\/madimport.eu\/en\/\",\"logo\":{\"@type\":\"ImageObject\",\"inLanguage\":\"en-US\",\"@id\":\"https:\/\/madimport.eu\/en\/#\/schema\/logo\/image\/\",\"url\":\"https:\/\/madimport.eu\/wp-content\/uploads\/2024\/06\/cropped-madimport_distribucion-tornilleria-articulos-fijacion_productos_gestion-importaciones-almacenes_madrid-espana_logo-1.png\",\"contentUrl\":\"https:\/\/madimport.eu\/wp-content\/uploads\/2024\/06\/cropped-madimport_distribucion-tornilleria-articulos-fijacion_productos_gestion-importaciones-almacenes_madrid-espana_logo-1.png\",\"width\":1918,\"height\":846,\"caption\":\"Madimport\"},\"image\":{\"@id\":\"https:\/\/madimport.eu\/en\/#\/schema\/logo\/image\/\"}}]}<\/script>\n<!-- \/ Yoast SEO plugin. -->","yoast_head_json":{"title":"Contact - Madimport","description":"Madimport since 1974. Find out how we can help you, contact us through our web form or by phone and email.","robots":{"index":"index","follow":"follow","max-snippet":"max-snippet:-1","max-image-preview":"max-image-preview:large","max-video-preview":"max-video-preview:-1"},"canonical":"https:\/\/madimport.eu\/en\/contact\/","og_locale":"en_US","og_type":"article","og_title":"Contact - Madimport","og_description":"Madimport since 1974. Find out how we can help you, contact us through our web form or by phone and email.","og_url":"https:\/\/madimport.eu\/en\/contact\/","og_site_name":"Madimport","article_modified_time":"2024-08-23T09:44:52+00:00","og_image":[{"url":"https:\/\/madimport.eu\/wp-content\/uploads\/2024\/06\/cropped-madimport_distribucion-tornilleria-articulos-fijacion_productos_gestion-importaciones-almacenes_madrid-espana_logo-1.png","type":"","width":"","height":""}],"twitter_card":"summary_large_image","schema":{"@context":"https:\/\/schema.org","@graph":[{"@type":"WebPage","@id":"https:\/\/madimport.eu\/en\/contact\/","url":"https:\/\/madimport.eu\/en\/contact\/","name":"Contact - Madimport","isPartOf":{"@id":"https:\/\/madimport.eu\/en\/#website"},"primaryImageOfPage":{"@id":"https:\/\/madimport.eu\/en\/contact\/#primaryimage"},"image":{"@id":"https:\/\/madimport.eu\/en\/contact\/#primaryimage"},"thumbnailUrl":"https:\/\/madimport.eu\/wp-content\/uploads\/2024\/06\/cropped-madimport_distribucion-tornilleria-articulos-fijacion_productos_gestion-importaciones-almacenes_madrid-espana_logo-1.png","datePublished":"2024-05-21T10:45:23+00:00","dateModified":"2024-08-23T09:44:52+00:00","description":"Madimport since 1974. Find out how we can help you, contact us through our web form or by phone and email.","breadcrumb":{"@id":"https:\/\/madimport.eu\/en\/contact\/#breadcrumb"},"inLanguage":"en-US","potentialAction":[{"@type":"ReadAction","target":["https:\/\/madimport.eu\/en\/contact\/"]}]},{"@type":"ImageObject","inLanguage":"en-US","@id":"https:\/\/madimport.eu\/en\/contact\/#primaryimage","url":"https:\/\/madimport.eu\/wp-content\/uploads\/2024\/06\/cropped-madimport_distribucion-tornilleria-articulos-fijacion_productos_gestion-importaciones-almacenes_madrid-espana_logo-1.png","contentUrl":"https:\/\/madimport.eu\/wp-content\/uploads\/2024\/06\/cropped-madimport_distribucion-tornilleria-articulos-fijacion_productos_gestion-importaciones-almacenes_madrid-espana_logo-1.png"},{"@type":"BreadcrumbList","@id":"https:\/\/madimport.eu\/en\/contact\/#breadcrumb","itemListElement":[{"@type":"ListItem","position":1,"name":"Portada","item":"https:\/\/madimport.eu\/en\/"},{"@type":"ListItem","position":2,"name":"Contact"}]},{"@type":"WebSite","@id":"https:\/\/madimport.eu\/en\/#website","url":"https:\/\/madimport.eu\/en\/","name":"Madimport","description":"Distribuci\u00f3n de torniller\u00eda y art\u00edculos de fijaci\u00f3n","publisher":{"@id":"https:\/\/madimport.eu\/en\/#organization"},"potentialAction":[{"@type":"SearchAction","target":{"@type":"EntryPoint","urlTemplate":"https:\/\/madimport.eu\/en\/?s={search_term_string}"},"query-input":{"@type":"PropertyValueSpecification","valueRequired":true,"valueName":"search_term_string"}}],"inLanguage":"en-US"},{"@type":"Organization","@id":"https:\/\/madimport.eu\/en\/#organization","name":"Madimport","url":"https:\/\/madimport.eu\/en\/","logo":{"@type":"ImageObject","inLanguage":"en-US","@id":"https:\/\/madimport.eu\/en\/#\/schema\/logo\/image\/","url":"https:\/\/madimport.eu\/wp-content\/uploads\/2024\/06\/cropped-madimport_distribucion-tornilleria-articulos-fijacion_productos_gestion-importaciones-almacenes_madrid-espana_logo-1.png","contentUrl":"https:\/\/madimport.eu\/wp-content\/uploads\/2024\/06\/cropped-madimport_distribucion-tornilleria-articulos-fijacion_productos_gestion-importaciones-almacenes_madrid-espana_logo-1.png","width":1918,"height":846,"caption":"Madimport"},"image":{"@id":"https:\/\/madimport.eu\/en\/#\/schema\/logo\/image\/"}}]}},"_links":{"self":[{"href":"https:\/\/madimport.eu\/en\/wp-json\/wp\/v2\/pages\/762","targetHints":{"allow":["GET"]}}],"collection":[{"href":"https:\/\/madimport.eu\/en\/wp-json\/wp\/v2\/pages"}],"about":[{"href":"https:\/\/madimport.eu\/en\/wp-json\/wp\/v2\/types\/page"}],"author":[{"embeddable":true,"href":"https:\/\/madimport.eu\/en\/wp-json\/wp\/v2\/users\/1"}],"replies":[{"embeddable":true,"href":"https:\/\/madimport.eu\/en\/wp-json\/wp\/v2\/comments?post=762"}],"version-history":[{"count":1,"href":"https:\/\/madimport.eu\/en\/wp-json\/wp\/v2\/pages\/762\/revisions"}],"predecessor-version":[{"id":767,"href":"https:\/\/madimport.eu\/en\/wp-json\/wp\/v2\/pages\/762\/revisions\/767"}],"wp:attachment":[{"href":"https:\/\/madimport.eu\/en\/wp-json\/wp\/v2\/media?parent=762"}],"curies":[{"name":"wp","href":"https:\/\/api.w.org\/{rel}","templated":true}]}}